{"id":89,"date":"2013-08-11T19:22:53","date_gmt":"2013-08-11T19:22:53","guid":{"rendered":"http:\/\/localhost:8888\/test\/?page_id=532"},"modified":"2023-02-17T13:29:22","modified_gmt":"2023-02-17T13:29:22","slug":"contacto","status":"publish","type":"page","link":"https:\/\/paredstreet.com\/ujgh\/contacto\/","title":{"rendered":"Contacto"},"content":{"rendered":"\n\t<section class=\"section\" id=\"section_1865888273\">\n\t\t<div class=\"bg section-bg fill bg-fill  bg-loaded\" >\n\n\t\t\t\n\t\t\t\n\t\t\t\n\n\t\t<\/div>\n\n\t\t<div class=\"section-content relative\">\n\t\t\t\n\n<div class=\"row\"  id=\"row-2117454914\">\n\n\n\t<div class=\"col small-12 large-12\"  >\n\t\t<div class=\"col-inner\"  >\n\t\t\t\n\t\t\t\n\n\n\t<script type=\"text\/javascript\">\n  jQuery( document ).ready(function() {\n    function initialize() {\n        var styles = {\n            'flatsome':  [{\n            \"featureType\": \"administrative\",\n            \"stylers\": [\n              { \"visibility\": \"on\" }\n            ]\n          },\n          {\n            \"featureType\": \"road\",\n            \"stylers\": [\n              { \"visibility\": \"on\" },\n              { \"hue\": \"\" }\n            ]\n          },\n          {\n            \"stylers\": [\n\t\t\t  { \"visibility\": \"on\" },\n\t\t\t  { \"hue\": \"\" },\n\t\t\t  { \"saturation\": -30 }\n            ]\n          }\n        ]};\n\n        var myLatlng = new google.maps.LatLng(10.6510973, 71.6224059);\n        var myOptions = {\n            zoom: 17,\n            center: myLatlng,\n            mapTypeId: google.maps.MapTypeId.ROADMAP,\n            disableDefaultUI: true,\n            mapTypeId: 'flatsome',\n            draggable: true,\n            zoomControl: false,\n            zoomControlOptions: {\n              position: google.maps.ControlPosition.TOP_LEFT\n            },\n      \t\t\t\/\/ panControl: false,\n            \/\/ panControlOptions: {\n            \/\/   position: google.maps.ControlPosition.TOP_LEFT\n            \/\/ },\n      \t\t\tmapTypeControl: false,\n            mapTypeControlOptions: {\n              position: google.maps.ControlPosition.TOP_LEFT\n            },\n      \t\t\t\/\/ scaleControl: false,\n            \/\/ scaleControlOptions: {\n            \/\/   position: google.maps.ControlPosition.TOP_LEFT\n            \/\/ },\n      \t\t\tstreetViewControl: false,\n            streetViewControlOptions: {\n              position: google.maps.ControlPosition.TOP_LEFT\n            },\n      \t\t\t\/\/ overviewMapControl: false,\n            \/\/ overviewMapControlOptions: {\n            \/\/   position: google.maps.ControlPosition.TOP_LEFT\n            \/\/ },\n            scrollwheel: false,\n            disableDoubleClickZoom: true\n        }\n        var map = new google.maps.Map(document.getElementById(\"map-611801078-inner\"), myOptions);\n        var styledMapType = new google.maps.StyledMapType(styles['flatsome'], {name: 'flatsome'});\n        map.mapTypes.set('flatsome', styledMapType);\n\n        var marker = new google.maps.Marker({\n            position: myLatlng,\n            map: map,\n            title:\"\"\n        });\n    }\n\n    \/\/ Required to proceed\n    if (!(typeof google === 'object' && typeof google.maps === 'object')) {\n      return\n    }\n\n    google.maps.event.addDomListener(window, 'load', initialize);\n    google.maps.event.addDomListener(window, 'resize', initialize);\n    });\n    <\/script>\n\n    <div class=\"google-map relative mb\" id=\"map-611801078\">\n        <div class=\"map-height\" id=\"map-611801078-inner\"><\/div>\n        <div id=\"map_overlay_top\"><\/div>\n        <div id=\"map_overlay_bottom\"><\/div>\n                  <div class=\"map_inner map-inner last-reset absolute x95 md-x95 lg-x95 y95 md-y95 lg-y95\">\n              \n\n<h3>M92H+CWM, Avenida Las Delicias, Maracaibo 4005, Zulia<\/h3>\n<p>Horario de Lunes\u00a0 viernes, 8 a.m. \u2013 7:30 p.m.\u00a0<\/p>\n\n         <\/div>\n       \n       \n<style scope=\"scope\">\n\n#map-611801078 .map-inner {\n  background-color: #fff;\n  max-width: 30%;\n}\n#map-611801078 .map-height {\n  height: 400px;\n}\n<\/style>\n    <\/div>\n\n\t\n\n\t\t<\/div>\n\t<\/div>\n\n\t\n\n<\/div>\n\n\t\t<\/div>\n\n\t\t\n<style scope=\"scope\">\n\n#section_1865888273 {\n  padding-top: 0px;\n  padding-bottom: 0px;\n}\n<\/style>\n\t<\/section>\n\t\n\t<section class=\"section\" id=\"section_449937654\">\n\t\t<div class=\"bg section-bg fill bg-fill  bg-loaded\" >\n\n\t\t\t\n\t\t\t\n\t\t\t\n\n\t\t<\/div>\n\n\t\t<div class=\"section-content relative\">\n\t\t\t\n\n<div class=\"row\" style=\"max-width:1200px\" id=\"row-1044742778\">\n\n\n\t<div class=\"col medium-6 large-6\"  >\n\t\t<div class=\"col-inner\"  >\n\t\t\t\n\t\t\t\n\n<div class=\"container section-title-container\" ><h3 class=\"section-title section-title-normal\"><b><\/b><span class=\"section-title-main\" >Preguntas frecuentes<\/span><b><\/b><\/h3><\/div>\n\n<div class=\"et_pb_row et_pb_row_4\">\n<div class=\"et_pb_column et_pb_column_4_4 et_pb_column_6  et_pb_css_mix_blend_mode_passthrough et-last-child\">\n<div class=\"et_pb_module et_pb_text et_pb_text_2  et_pb_text_align_center et_pb_bg_layout_light\">\n<div class=\"et_pb_text_inner\">\n<p>En esta secci\u00f3n se encuentran las preguntas m\u00e1s comunes con sus respectivas respuestas.<\/p>\n<\/div>\n<\/div>\n<\/div>\n<\/div>\n<div class=\"accordion\" rel=\"\">\n\n<div class=\"accordion-item\"><a href=\"#\" class=\"accordion-title plain\"><button class=\"toggle\"><i class=\"icon-angle-down\"><\/i><\/button><span>Alumnos nuevo ingreso<\/span><\/a><div class=\"accordion-inner\">\n\n<h3><strong>Informaci\u00f3n acad\u00e9mica. <\/strong><\/h3>\n<p>La Universidad Dr. Jos\u00e9 Gregorio Hern\u00e1ndez, desarrolla el primer trimestre de la carrera bajo el esquema de modulares.<\/p>\n<p><strong>Modular I<\/strong>. Lenguaje y Comunicaci\u00f3n, L\u00f3gica y Formaci\u00f3n deportiva. (Duraci\u00f3n 6 semanas).<\/p>\n<p><strong>Modular II.<\/strong> Computaci\u00f3n b\u00e1sica, Matem\u00e1tica general e Introducci\u00f3n a la carrera. (Duraci\u00f3n 6 semanas).<\/p>\n<p>*A partir del 2do trimestre todas las materias se desarrollan de forma regular durante las 12 semanas que dura cada periodo.<\/p>\n<h3><strong>Informaci\u00f3n administrativa<\/strong><\/h3>\n<p>Las fechas de inscripci\u00f3n, as\u00ed como los montos, son publicados en nuestras redes sociales @DICUJGH<\/p>\n<p>Los documentos requeridos para la inscripci\u00f3n como alumno nuevo ingreso, son los siguientes:<\/p>\n<ul>\n<li>4 fotograf\u00edas de frente tipo carn\u00e9.<\/li>\n<li>3 copias de la c\u00e9dula de identidad ampliada 150% y centrada (No recortar).<\/li>\n<li>Partida de nacimiento (En buen estado).<\/li>\n<li>Fondo negro del T\u00edtulo de Bachiller, certificado por la instituci\u00f3n de procedencia.<\/li>\n<li>Fondo negro de las notas de 1ro a 5to a\u00f1o de bachillerato, certificado por la instituci\u00f3n de procedencia.<\/li>\n<li>Certificado de participaci\u00f3n en el Sistema Nacional de Ingreso a la Educaci\u00f3n Universitaria \u2013 <strong>(OPSU).<\/strong><\/li>\n<\/ul>\n\n<\/div><\/div>\n<div class=\"accordion-item\"><a href=\"#\" class=\"accordion-title plain\"><button class=\"toggle\"><i class=\"icon-angle-down\"><\/i><\/button><span>Una vez inscrito, d\u00f3nde puedes conseguir apoyo para los procesos acad\u00e9micos<\/span><\/a><div class=\"accordion-inner\">\n\n<p>Cada carrera est\u00e1 adscrita a un Decanato que dirige los procesos de docencia de manera efectiva, los estudiantes pueden a trav\u00e9s \u00a0de estas dependencias,\u00a0 canalizar cualquier tipo de asesor\u00eda o consulta relacionada con la actividad acad\u00e9mica, tales como: Profesores de las materias, procesos para Trabajo Especial de Titulaci\u00f3n, apoyo para solventar inconvenientes acad\u00e9micos, entre otros.<\/p>\n<p><strong>Decanato de la Facultad de Humanidades, Arte y Educaci\u00f3n (FHAE)\u00a0<\/strong>\u00a0Carreras: Educaci\u00f3n Integral y Educaci\u00f3n Preescolar.<\/p>\n<p>Prof. Gabriela P\u00e9rez-Decana de FHAE \u2013\u00a0<a href=\"mailto:gabriela.perez@ujgh.edu.ve\">gabriela.perez@ujgh.edu.ve<\/a><\/p>\n<p>\u00a0<\/p>\n<p><strong>Decanato de la Facultad de Ciencias Econ\u00f3micas y Sociales (FACES)\u00a0<\/strong>\u00a0Carreras: Administraci\u00f3n, Contadur\u00eda P\u00fablica y Gerencia de Recursos Humanos.<\/p>\n<p>Prof. Yamel Chourio-Decana de FACES \u2013\u00a0<a href=\"mailto:ychourio@ujgh.edu.ve\">ychourio@ujgh.edu.ve<\/a><\/p>\n<p>\u00a0<\/p>\n<p><strong>Decanato de la Facultad de Ingenier\u00eda (FING)\u00a0<\/strong>\u00a0Carreras: Ingenier\u00eda de Sistemas e Ingenier\u00eda de Computaci\u00f3n.<\/p>\n<p>Prof. Daniel Romero-Decano de FING \u2013\u00a0<a href=\"mailto:daniel.romero@ujgh.edu.ve\">daniel.romero@ujgh.edu.ve<\/a><\/p>\n\n<\/div><\/div>\n\n<\/div>\n\n\t\t<\/div>\n\t<\/div>\n\n\t\n\n\t<div class=\"col medium-6 large-6\"  >\n\t\t<div class=\"col-inner\"  >\n\t\t\t\n\t\t\t\n\n<div class=\"container section-title-container\" ><h3 class=\"section-title section-title-normal\"><b><\/b><span class=\"section-title-main\" >Env\u00edanos un mensaje<\/span><b><\/b><\/h3><\/div>\n\n<div class=\"et_pb_row et_pb_row_2\">\n<div class=\"et_pb_column et_pb_column_4_4 et_pb_column_4  et_pb_css_mix_blend_mode_passthrough et-last-child\">\n<div class=\"et_pb_module et_pb_text et_pb_text_1  et_pb_text_align_center et_pb_bg_layout_light\">\n<div class=\"et_pb_text_inner\">\n<p>Si tienes alguna inquietud o deseas solicitar informaci\u00f3n sobre nuestros programas e instalaciones, no dudes en ponerte en contacto con nosotros.<\/p>\n<\/div>\n<\/div>\n<\/div>\n<\/div>\n\n<div class=\"wpcf7 no-js\" id=\"wpcf7-f13-o1\" lang=\"en-US\" dir=\"ltr\" data-wpcf7-id=\"13\">\n<div class=\"screen-reader-response\"><p role=\"status\" aria-live=\"polite\" aria-atomic=\"true\"><\/p> <ul><\/ul><\/div>\n<form action=\"\/ujgh\/wp-json\/wp\/v2\/pages\/89#wpcf7-f13-o1\" method=\"post\" class=\"wpcf7-form init\" aria-label=\"Contact form\" novalidate=\"novalidate\" data-status=\"init\">\n<fieldset class=\"hidden-fields-container\"><input type=\"hidden\" name=\"_wpcf7\" value=\"13\" \/><input type=\"hidden\" name=\"_wpcf7_version\" value=\"6.1.5\" \/><input type=\"hidden\" name=\"_wpcf7_locale\" value=\"en_US\" \/><input type=\"hidden\" name=\"_wpcf7_unit_tag\" value=\"wpcf7-f13-o1\" \/><input type=\"hidden\" name=\"_wpcf7_container_post\" value=\"0\" \/><input type=\"hidden\" name=\"_wpcf7_posted_data_hash\" value=\"\" \/>\n<\/fieldset>\n<div class=\"form-flat\">\n\t<p><span class=\"wpcf7-form-control-wrap\" data-name=\"your-name\"><input size=\"40\" maxlength=\"400\" class=\"wpcf7-form-control wpcf7-text wpcf7-validates-as-required\" aria-required=\"true\" aria-invalid=\"false\" placeholder=\"Your Name (required)\" value=\"\" type=\"text\" name=\"your-name\" \/><\/span>\n\t<\/p>\n\t<p><span class=\"wpcf7-form-control-wrap\" data-name=\"your-email\"><input size=\"40\" maxlength=\"400\" class=\"wpcf7-form-control wpcf7-email wpcf7-validates-as-required wpcf7-text wpcf7-validates-as-email\" aria-required=\"true\" aria-invalid=\"false\" placeholder=\"Your Email (required)\" value=\"\" type=\"email\" name=\"your-email\" \/><\/span>\n\t<\/p>\n\t<p><span class=\"wpcf7-form-control-wrap\" data-name=\"your-message\"><textarea cols=\"40\" rows=\"10\" maxlength=\"2000\" class=\"wpcf7-form-control wpcf7-textarea\" aria-invalid=\"false\" placeholder=\"Your Message (required)\" name=\"your-message\"><\/textarea><\/span>\n\t<\/p>\n\t<p><input class=\"wpcf7-form-control wpcf7-submit has-spinner button\" type=\"submit\" value=\"Submit\" \/>\n\t<\/p>\n<\/div><div class=\"wpcf7-response-output\" aria-hidden=\"true\"><\/div>\n<\/form>\n<\/div>\n\n\n\n\t\t<\/div>\n\t<\/div>\n\n\t\n\n\n<style scope=\"scope\">\n\n<\/style>\n<\/div>\n\n\t\t<\/div>\n\n\t\t\n<style scope=\"scope\">\n\n#section_449937654 {\n  padding-top: 0px;\n  padding-bottom: 0px;\n}\n<\/style>\n\t<\/section>\n\t\n\n","protected":false},"excerpt":{"rendered":"","protected":false},"author":1,"featured_media":17,"parent":0,"menu_order":0,"comment_status":"closed","ping_status":"closed","template":"page-blank.php","meta":{"nf_dc_page":"","om_disable_all_campaigns":false,"footnotes":""},"class_list":["post-89","page","type-page","status-publish","has-post-thumbnail","hentry"],"yoast_head":"<!-- This site is optimized with the Yoast SEO plugin v27.6 - https:\/\/yoast.com\/product\/yoast-seo-wordpress\/ -->\n<title>Contacto - Universidad Dr. Jos\u00e9 Gregorio Hern\u00e1ndez<\/title>\n<meta name=\"robots\" content=\"index, follow, max-snippet:-1, max-image-preview:large, max-video-preview:-1\" \/>\n<link rel=\"canonical\" href=\"https:\/\/paredstreet.com\/ujgh\/contacto\/\" \/>\n<meta property=\"og:locale\" content=\"en_US\" \/>\n<meta property=\"og:type\" content=\"article\" \/>\n<meta property=\"og:title\" content=\"Contacto - Universidad Dr. Jos\u00e9 Gregorio Hern\u00e1ndez\" \/>\n<meta property=\"og:url\" content=\"https:\/\/paredstreet.com\/ujgh\/contacto\/\" \/>\n<meta property=\"og:site_name\" content=\"Universidad Dr. Jos\u00e9 Gregorio Hern\u00e1ndez\" \/>\n<meta property=\"article:modified_time\" content=\"2023-02-17T13:29:22+00:00\" \/>\n<meta property=\"og:image\" content=\"https:\/\/paredstreet.com\/ujgh\/wp-content\/uploads\/2016\/08\/dummy-1.jpg\" \/>\n\t<meta property=\"og:image:width\" content=\"400\" \/>\n\t<meta property=\"og:image:height\" content=\"260\" \/>\n\t<meta property=\"og:image:type\" content=\"image\/jpeg\" \/>\n<meta name=\"twitter:card\" content=\"summary_large_image\" \/>\n<meta name=\"twitter:label1\" content=\"Est. reading time\" \/>\n\t<meta name=\"twitter:data1\" content=\"2 minutes\" \/>\n<script type=\"application\/ld+json\" class=\"yoast-schema-graph\">{\"@context\":\"https:\\\/\\\/schema.org\",\"@graph\":[{\"@type\":\"WebPage\",\"@id\":\"https:\\\/\\\/paredstreet.com\\\/ujgh\\\/contacto\\\/\",\"url\":\"https:\\\/\\\/paredstreet.com\\\/ujgh\\\/contacto\\\/\",\"name\":\"Contacto - Universidad Dr. Jos\u00e9 Gregorio Hern\u00e1ndez\",\"isPartOf\":{\"@id\":\"https:\\\/\\\/paredstreet.com\\\/ujgh\\\/#website\"},\"primaryImageOfPage\":{\"@id\":\"https:\\\/\\\/paredstreet.com\\\/ujgh\\\/contacto\\\/#primaryimage\"},\"image\":{\"@id\":\"https:\\\/\\\/paredstreet.com\\\/ujgh\\\/contacto\\\/#primaryimage\"},\"thumbnailUrl\":\"https:\\\/\\\/i0.wp.com\\\/paredstreet.com\\\/ujgh\\\/wp-content\\\/uploads\\\/2016\\\/08\\\/dummy-1.jpg?fit=400%2C260&ssl=1\",\"datePublished\":\"2013-08-11T19:22:53+00:00\",\"dateModified\":\"2023-02-17T13:29:22+00:00\",\"breadcrumb\":{\"@id\":\"https:\\\/\\\/paredstreet.com\\\/ujgh\\\/contacto\\\/#breadcrumb\"},\"inLanguage\":\"en-US\",\"potentialAction\":[{\"@type\":\"ReadAction\",\"target\":[\"https:\\\/\\\/paredstreet.com\\\/ujgh\\\/contacto\\\/\"]}]},{\"@type\":\"ImageObject\",\"inLanguage\":\"en-US\",\"@id\":\"https:\\\/\\\/paredstreet.com\\\/ujgh\\\/contacto\\\/#primaryimage\",\"url\":\"https:\\\/\\\/i0.wp.com\\\/paredstreet.com\\\/ujgh\\\/wp-content\\\/uploads\\\/2016\\\/08\\\/dummy-1.jpg?fit=400%2C260&ssl=1\",\"contentUrl\":\"https:\\\/\\\/i0.wp.com\\\/paredstreet.com\\\/ujgh\\\/wp-content\\\/uploads\\\/2016\\\/08\\\/dummy-1.jpg?fit=400%2C260&ssl=1\",\"width\":400,\"height\":260},{\"@type\":\"BreadcrumbList\",\"@id\":\"https:\\\/\\\/paredstreet.com\\\/ujgh\\\/contacto\\\/#breadcrumb\",\"itemListElement\":[{\"@type\":\"ListItem\",\"position\":1,\"name\":\"Home\",\"item\":\"https:\\\/\\\/paredstreet.com\\\/ujgh\\\/\"},{\"@type\":\"ListItem\",\"position\":2,\"name\":\"Contacto\"}]},{\"@type\":\"WebSite\",\"@id\":\"https:\\\/\\\/paredstreet.com\\\/ujgh\\\/#website\",\"url\":\"https:\\\/\\\/paredstreet.com\\\/ujgh\\\/\",\"name\":\"Universidad Dr. Jos\u00e9 Gregorio Hern\u00e1ndez\",\"description\":\"Persigue tu pasi&oacute;n\",\"potentialAction\":[{\"@type\":\"SearchAction\",\"target\":{\"@type\":\"EntryPoint\",\"urlTemplate\":\"https:\\\/\\\/paredstreet.com\\\/ujgh\\\/?s={search_term_string}\"},\"query-input\":{\"@type\":\"PropertyValueSpecification\",\"valueRequired\":true,\"valueName\":\"search_term_string\"}}],\"inLanguage\":\"en-US\"}]}<\/script>\n<!-- \/ Yoast SEO plugin. -->","yoast_head_json":{"title":"Contacto - Universidad Dr. Jos\u00e9 Gregorio Hern\u00e1ndez","robots":{"index":"index","follow":"follow","max-snippet":"max-snippet:-1","max-image-preview":"max-image-preview:large","max-video-preview":"max-video-preview:-1"},"canonical":"https:\/\/paredstreet.com\/ujgh\/contacto\/","og_locale":"en_US","og_type":"article","og_title":"Contacto - Universidad Dr. Jos\u00e9 Gregorio Hern\u00e1ndez","og_url":"https:\/\/paredstreet.com\/ujgh\/contacto\/","og_site_name":"Universidad Dr. Jos\u00e9 Gregorio Hern\u00e1ndez","article_modified_time":"2023-02-17T13:29:22+00:00","og_image":[{"width":400,"height":260,"url":"https:\/\/paredstreet.com\/ujgh\/wp-content\/uploads\/2016\/08\/dummy-1.jpg","type":"image\/jpeg"}],"twitter_card":"summary_large_image","twitter_misc":{"Est. reading time":"2 minutes"},"schema":{"@context":"https:\/\/schema.org","@graph":[{"@type":"WebPage","@id":"https:\/\/paredstreet.com\/ujgh\/contacto\/","url":"https:\/\/paredstreet.com\/ujgh\/contacto\/","name":"Contacto - Universidad Dr. Jos\u00e9 Gregorio Hern\u00e1ndez","isPartOf":{"@id":"https:\/\/paredstreet.com\/ujgh\/#website"},"primaryImageOfPage":{"@id":"https:\/\/paredstreet.com\/ujgh\/contacto\/#primaryimage"},"image":{"@id":"https:\/\/paredstreet.com\/ujgh\/contacto\/#primaryimage"},"thumbnailUrl":"https:\/\/i0.wp.com\/paredstreet.com\/ujgh\/wp-content\/uploads\/2016\/08\/dummy-1.jpg?fit=400%2C260&ssl=1","datePublished":"2013-08-11T19:22:53+00:00","dateModified":"2023-02-17T13:29:22+00:00","breadcrumb":{"@id":"https:\/\/paredstreet.com\/ujgh\/contacto\/#breadcrumb"},"inLanguage":"en-US","potentialAction":[{"@type":"ReadAction","target":["https:\/\/paredstreet.com\/ujgh\/contacto\/"]}]},{"@type":"ImageObject","inLanguage":"en-US","@id":"https:\/\/paredstreet.com\/ujgh\/contacto\/#primaryimage","url":"https:\/\/i0.wp.com\/paredstreet.com\/ujgh\/wp-content\/uploads\/2016\/08\/dummy-1.jpg?fit=400%2C260&ssl=1","contentUrl":"https:\/\/i0.wp.com\/paredstreet.com\/ujgh\/wp-content\/uploads\/2016\/08\/dummy-1.jpg?fit=400%2C260&ssl=1","width":400,"height":260},{"@type":"BreadcrumbList","@id":"https:\/\/paredstreet.com\/ujgh\/contacto\/#breadcrumb","itemListElement":[{"@type":"ListItem","position":1,"name":"Home","item":"https:\/\/paredstreet.com\/ujgh\/"},{"@type":"ListItem","position":2,"name":"Contacto"}]},{"@type":"WebSite","@id":"https:\/\/paredstreet.com\/ujgh\/#website","url":"https:\/\/paredstreet.com\/ujgh\/","name":"Universidad Dr. Jos\u00e9 Gregorio Hern\u00e1ndez","description":"Persigue tu pasi&oacute;n","potentialAction":[{"@type":"SearchAction","target":{"@type":"EntryPoint","urlTemplate":"https:\/\/paredstreet.com\/ujgh\/?s={search_term_string}"},"query-input":{"@type":"PropertyValueSpecification","valueRequired":true,"valueName":"search_term_string"}}],"inLanguage":"en-US"}]}},"jetpack_sharing_enabled":true,"_links":{"self":[{"href":"https:\/\/paredstreet.com\/ujgh\/wp-json\/wp\/v2\/pages\/89","targetHints":{"allow":["GET"]}}],"collection":[{"href":"https:\/\/paredstreet.com\/ujgh\/wp-json\/wp\/v2\/pages"}],"about":[{"href":"https:\/\/paredstreet.com\/ujgh\/wp-json\/wp\/v2\/types\/page"}],"author":[{"embeddable":true,"href":"https:\/\/paredstreet.com\/ujgh\/wp-json\/wp\/v2\/users\/1"}],"replies":[{"embeddable":true,"href":"https:\/\/paredstreet.com\/ujgh\/wp-json\/wp\/v2\/comments?post=89"}],"version-history":[{"count":5,"href":"https:\/\/paredstreet.com\/ujgh\/wp-json\/wp\/v2\/pages\/89\/revisions"}],"predecessor-version":[{"id":433,"href":"https:\/\/paredstreet.com\/ujgh\/wp-json\/wp\/v2\/pages\/89\/revisions\/433"}],"wp:featuredmedia":[{"embeddable":true,"href":"https:\/\/paredstreet.com\/ujgh\/wp-json\/wp\/v2\/media\/17"}],"wp:attachment":[{"href":"https:\/\/paredstreet.com\/ujgh\/wp-json\/wp\/v2\/media?parent=89"}],"curies":[{"name":"wp","href":"https:\/\/api.w.org\/{rel}","templated":true}]}}