{"id":91,"date":"2013-08-11T19:06:15","date_gmt":"2013-08-11T19:06:15","guid":{"rendered":"http:\/\/localhost:8888\/test\/?page_id=520"},"modified":"2023-02-17T13:19:25","modified_gmt":"2023-02-17T13:19:25","slug":"nosotros","status":"publish","type":"page","link":"https:\/\/paredstreet.com\/ujgh\/nosotros\/","title":{"rendered":"Nosotros"},"content":{"rendered":"\n\t<section class=\"section\" id=\"section_1357631716\">\n\t\t<div class=\"bg section-bg fill bg-fill  bg-loaded\" >\n\n\t\t\t\n\t\t\t\n\t\t\t\n\n\t\t<\/div>\n\n\t\t<div class=\"section-content relative\">\n\t\t\t\n\n\n  <div class=\"banner has-hover has-parallax\" id=\"banner-1352111839\">\n          <div class=\"banner-inner fill\">\n        <div class=\"banner-bg fill\" data-parallax=\"-3\" data-parallax-container=\".banner\" data-parallax-background>\n            <div class=\"bg fill bg-fill \"><\/div>\n                        <div class=\"overlay\"><\/div>            \n                    <\/div>\n        <div class=\"banner-layers container\">\n            <div class=\"fill banner-link\"><\/div>            \n\n   <div id=\"text-box-142223776\" class=\"text-box banner-layer x50 md-x50 lg-x50 y50 md-y50 lg-y50 res-text\">\n                                <div class=\"text dark\">\n              \n              <div class=\"text-inner text-center\">\n                  \n\n<h1 class=\"lead\">\u00a1Conoce m\u00e1s sobre nosotros!\n<\/h1>\n<p class=\"lead\">Universidad Jos\u00e9 Gregorio Hern\u00e1ndez<\/p>\n\n              <\/div>\n           <\/div>\n                            \n<style scope=\"scope\">\n\n#text-box-142223776 {\n  width: 60%;\n}\n#text-box-142223776 .text {\n  font-size: 100%;\n}\n<\/style>\n    <\/div>\n \n\n        <\/div>\n      <\/div>\n\n            \n<style scope=\"scope\">\n\n#banner-1352111839 {\n  padding-top: 250px;\n}\n#banner-1352111839 .bg.bg-loaded {\n  background-image: url(https:\/\/i0.wp.com\/paredstreet.com\/ujgh\/wp-content\/uploads\/2023\/02\/b2.jpg?fit=1020%2C340&ssl=1);\n}\n#banner-1352111839 .overlay {\n  background-color: rgba(0, 0, 0, 0.49);\n}\n<\/style>\n  <\/div>\n\n\n\t<div id=\"gap-964369436\" class=\"gap-element clearfix\" style=\"display:block; height:auto;\">\n\t\t\n<style scope=\"scope\">\n\n#gap-964369436 {\n  padding-top: 60px;\n}\n<\/style>\n\t<\/div>\n\t\n\n\n\t\t<\/div>\n\n\t\t\n<style scope=\"scope\">\n\n#section_1357631716 {\n  padding-top: 0px;\n  padding-bottom: 0px;\n}\n<\/style>\n\t<\/section>\n\t\n\t<section class=\"section\" id=\"section_1430943035\">\n\t\t<div class=\"bg section-bg fill bg-fill  bg-loaded\" >\n\n\t\t\t\n\t\t\t\n\t\t\t\n\n\t\t<\/div>\n\n\t\t<div class=\"section-content relative\">\n\t\t\t\n\n<div class=\"row align-middle\" style=\"max-width:1200px\" id=\"row-437158595\">\n\n\n\t<div class=\"col medium-6 small-12 large-6\"  >\n\t\t<div class=\"col-inner\"  >\n\t\t\t\n\t\t\t\n\n<div class=\"text-center\"><div class=\"is-divider divider clearfix\" ><\/div><\/div>\n\n\t<div class=\"img has-hover x md-x lg-x y md-y lg-y\" id=\"image_846742079\">\n\t\t\t\t\t\t\t\t<div class=\"img-inner dark\" >\n\t\t\t<img loading=\"lazy\" decoding=\"async\" width=\"568\" height=\"439\" src=\"https:\/\/i0.wp.com\/paredstreet.com\/ujgh\/wp-content\/uploads\/2023\/02\/about-1.png?fit=568%2C439&amp;ssl=1\" class=\"attachment-large size-large\" alt=\"\" srcset=\"https:\/\/i0.wp.com\/paredstreet.com\/ujgh\/wp-content\/uploads\/2023\/02\/about-1.png?w=568&amp;ssl=1 568w, https:\/\/i0.wp.com\/paredstreet.com\/ujgh\/wp-content\/uploads\/2023\/02\/about-1.png?resize=518%2C400&amp;ssl=1 518w\" sizes=\"auto, (max-width: 568px) 100vw, 568px\" \/>\t\t\t\t\t\t\n\t\t\t\t\t<\/div>\n\t\t\t\t\t\t\t\t\n<style scope=\"scope\">\n\n#image_846742079 {\n  width: 100%;\n}\n<\/style>\n\t<\/div>\n\t\n\n\n\t\t<\/div>\n\t<\/div>\n\n\t\n\n\t<div class=\"col medium-6 small-12 large-6\"  >\n\t\t<div class=\"col-inner\"  >\n\t\t\t\n\t\t\t\n\n<div class=\"text-center\"><div class=\"is-divider divider clearfix\" ><\/div><\/div>\n\n<h1><strong>Misi\u00f3n<\/strong><\/h1>\n<p>La <em><strong>Universidad Jos\u00e9 Gregorio Hern\u00e1ndez<\/strong><\/em> es un elemento del Sistema Educativo Venezolano, nivel universitario, cuyo prop\u00f3sito, a trav\u00e9s de las funciones acad\u00e9micas de la instituci\u00f3n \u2013 docencia, investigaci\u00f3n y extensi\u00f3n \u2013 es:<\/p>\n<ul>\n<li>Formar integralmente a personas como ciudadanos y profesionales, que promuevan y reivindiquen el fundamento vital de la universidad a trav\u00e9s del dominio de un saber y de la capacidad de generar y adecuar conocimiento, reclamando su condici\u00f3n de fines en si mismos y no de meros instrumentos.<\/li>\n<li>Dar respuestas de calidad, pertinencia y trascendencia a problemas actuales, pero sobre todo a generar y plantear las nuevas e importantes cuestiones para un futuro mejor de la sociedad.<\/li>\n<li>Contribuir al desarrollo integral y arm\u00f3nico del \u00e1rea de influencia: municipio, estado, regi\u00f3n, pa\u00eds y el mundo; cuidando al mismo tiempo del bienestar y mejoramiento continuo y permanente, profesional y acad\u00e9mico, de los miembros de su comunidad.<\/li>\n<\/ul>\n\n\t\t<\/div>\n\t<\/div>\n\n\t\n\n\n<style scope=\"scope\">\n\n<\/style>\n<\/div>\n<div class=\"row row-collapse\"  id=\"row-47129198\">\n\n\n\t<div class=\"col medium-2 small-12 large-2\"  >\n\t\t<div class=\"col-inner\"  >\n\t\t\t\n\t\t\t\n\n\n\t\t<\/div>\n\t<\/div>\n\n\t\n\n\t<div class=\"col medium-8 small-12 large-8\"  >\n\t\t<div class=\"col-inner\"  >\n\t\t\t\n\t\t\t\n\n<p style=\"text-align: center;\">Persigue tu pasi\u00f3n, o descubre otras nuevas.<\/p>\n<p><strong><em>La Universidad Jos\u00e9 Gregorio Hern\u00e1ndez<\/em><\/strong> ofrece experiencias estudiantiles \u00fanicas en un amplio espectro de entornos acad\u00e9micos. Busca o explora una carrera en espec\u00edfico para saber m\u00e1s sobre los requisitos de admisi\u00f3n e informaci\u00f3n adicional.\u00a0<\/p>\n\n\t\t<\/div>\n\t<\/div>\n\n\t\n\n\t<div class=\"col medium-2 small-12 large-2\"  >\n\t\t<div class=\"col-inner\"  >\n\t\t\t\n\t\t\t\n\n\n\t\t<\/div>\n\t<\/div>\n\n\t\n\n\n<style scope=\"scope\">\n\n<\/style>\n<\/div>\n\n\t\t<\/div>\n\n\t\t\n<style scope=\"scope\">\n\n#section_1430943035 {\n  padding-top: 0px;\n  padding-bottom: 0px;\n}\n<\/style>\n\t<\/section>\n\t\n\t<section class=\"section\" id=\"section_1213574490\">\n\t\t<div class=\"bg section-bg fill bg-fill  bg-loaded\" >\n\n\t\t\t\n\t\t\t\n\t\t\t\n\n\t\t<\/div>\n\n\t\t<div class=\"section-content relative\">\n\t\t\t\n\n<div class=\"row align-middle\" style=\"max-width:1200px\" id=\"row-1183260229\">\n\n\n\t<div class=\"col medium-6 small-12 large-6\"  >\n\t\t<div class=\"col-inner\"  >\n\t\t\t\n\t\t\t\n\n<div class=\"text-center\"><div class=\"is-divider divider clearfix\" ><\/div><\/div>\n\n<h1><strong>Visi\u00f3n<\/strong><\/h1>\n<p>Ser reconocida como una de las mejores universidades de Venezuela por su excelencia acad\u00e9mica y administrativa, capacidad para innovar y emprender, su compromiso con el desarrollo sostenible y sustentable y de ciudadan\u00eda ambioc\u00e9ntrica y su infraestructura y tecnolog\u00eda.<\/p>\n\n\t\t<\/div>\n\t<\/div>\n\n\t\n\n\t<div class=\"col medium-6 small-12 large-6\"  >\n\t\t<div class=\"col-inner\"  >\n\t\t\t\n\t\t\t\n\n<div class=\"text-center\"><div class=\"is-divider divider clearfix\" ><\/div><\/div>\n\n\t<div class=\"img has-hover x md-x lg-x y md-y lg-y\" id=\"image_1439103431\">\n\t\t\t\t\t\t\t\t<div class=\"img-inner dark\" >\n\t\t\t<img loading=\"lazy\" decoding=\"async\" width=\"565\" height=\"441\" src=\"https:\/\/i0.wp.com\/paredstreet.com\/ujgh\/wp-content\/uploads\/2023\/02\/about-2.png?fit=565%2C441&amp;ssl=1\" class=\"attachment-large size-large\" alt=\"\" srcset=\"https:\/\/i0.wp.com\/paredstreet.com\/ujgh\/wp-content\/uploads\/2023\/02\/about-2.png?w=565&amp;ssl=1 565w, https:\/\/i0.wp.com\/paredstreet.com\/ujgh\/wp-content\/uploads\/2023\/02\/about-2.png?resize=512%2C400&amp;ssl=1 512w\" sizes=\"auto, (max-width: 565px) 100vw, 565px\" \/>\t\t\t\t\t\t\n\t\t\t\t\t<\/div>\n\t\t\t\t\t\t\t\t\n<style scope=\"scope\">\n\n#image_1439103431 {\n  width: 100%;\n}\n<\/style>\n\t<\/div>\n\t\n\n\n\t\t<\/div>\n\t<\/div>\n\n\t\n\n\n<style scope=\"scope\">\n\n<\/style>\n<\/div>\n\n\t\t<\/div>\n\n\t\t\n<style scope=\"scope\">\n\n#section_1213574490 {\n  padding-top: 0px;\n  padding-bottom: 0px;\n}\n<\/style>\n\t<\/section>\n\t\n\t<section class=\"section\" id=\"section_1984230210\">\n\t\t<div class=\"bg section-bg fill bg-fill  bg-loaded\" >\n\n\t\t\t\n\t\t\t\n\t\t\t\n\n\t\t<\/div>\n\n\t\t<div class=\"section-content relative\">\n\t\t\t\n\n<h1 style=\"text-align: center;\"><strong>El Ep\u00f3nimo<\/strong><\/h1>\n<div class=\"row align-equal\" style=\"max-width:1200px\" id=\"row-227734666\">\n\n\n\t<div class=\"col medium-6 small-12 large-6\"  >\n\t\t<div class=\"col-inner\"  >\n\t\t\t\n\t\t\t\n\n<div class=\"text-center\"><div class=\"is-divider divider clearfix\" ><\/div><\/div>\n\n<p>Lo que distingue e identifica a nuestra casa de estudios es el nombre y legado del notable <em><strong>Dr. Jos\u00e9 Gregorio Hern\u00e1ndez<\/strong><\/em>, naci\u00f3 en Isnot\u00fa estado Trujillo, el 26 de octubre de 1864, ilustre m\u00e9dico, cient\u00edfico, profesor y fil\u00e1ntropo de profunda vocaci\u00f3n religiosa, cat\u00f3lico franciscano seglar, reconocido por su solidaridad con los m\u00e1s necesitados y recordado por su caridad, generosidad, rectitud y servicio a los pobres. \u200b Su vida fue un testimonio evidente de santidad, tanto, que muchos latinoamericanos lo consideran santo, a pesar de que a\u00fan no ha sido canonizado por la Iglesia cat\u00f3lica.<\/p>\n\n\t\t<\/div>\n\t<\/div>\n\n\t\n\n\t<div class=\"col medium-6 small-12 large-6\"  >\n\t\t<div class=\"col-inner\"  >\n\t\t\t\n\t\t\t\n\n<div class=\"text-center\"><div class=\"is-divider divider clearfix\" ><\/div><\/div>\n\n\t<div class=\"img has-hover x md-x lg-x y md-y lg-y\" id=\"image_1326364357\">\n\t\t\t\t\t\t\t\t<div class=\"img-inner dark\" >\n\t\t\t<img loading=\"lazy\" decoding=\"async\" width=\"534\" height=\"800\" src=\"https:\/\/i0.wp.com\/paredstreet.com\/ujgh\/wp-content\/uploads\/2023\/02\/Jose_Gregorio_Hernandez.jpg?fit=534%2C800&amp;ssl=1\" class=\"attachment-large size-large\" alt=\"\" srcset=\"https:\/\/i0.wp.com\/paredstreet.com\/ujgh\/wp-content\/uploads\/2023\/02\/Jose_Gregorio_Hernandez.jpg?w=668&amp;ssl=1 668w, https:\/\/i0.wp.com\/paredstreet.com\/ujgh\/wp-content\/uploads\/2023\/02\/Jose_Gregorio_Hernandez.jpg?resize=267%2C400&amp;ssl=1 267w, https:\/\/i0.wp.com\/paredstreet.com\/ujgh\/wp-content\/uploads\/2023\/02\/Jose_Gregorio_Hernandez.jpg?resize=534%2C800&amp;ssl=1 534w, https:\/\/i0.wp.com\/paredstreet.com\/ujgh\/wp-content\/uploads\/2023\/02\/Jose_Gregorio_Hernandez.jpg?resize=600%2C898&amp;ssl=1 600w\" sizes=\"auto, (max-width: 534px) 100vw, 534px\" \/>\t\t\t\t\t\t\n\t\t\t\t\t<\/div>\n\t\t\t\t\t\t\t\t\n<style scope=\"scope\">\n\n#image_1326364357 {\n  width: 100%;\n}\n<\/style>\n\t<\/div>\n\t\n\n\n\t\t<\/div>\n\t<\/div>\n\n\t\n\n\n<style scope=\"scope\">\n\n<\/style>\n<\/div>\n\n\t\t<\/div>\n\n\t\t\n<style scope=\"scope\">\n\n#section_1984230210 {\n  padding-top: 0px;\n  padding-bottom: 0px;\n}\n<\/style>\n\t<\/section>\n\t\n\n","protected":false},"excerpt":{"rendered":"","protected":false},"author":1,"featured_media":17,"parent":0,"menu_order":0,"comment_status":"closed","ping_status":"closed","template":"page-blank.php","meta":{"nf_dc_page":"","om_disable_all_campaigns":false,"footnotes":""},"class_list":["post-91","page","type-page","status-publish","has-post-thumbnail","hentry"],"yoast_head":"<!-- This site is optimized with the Yoast SEO plugin v27.6 - https:\/\/yoast.com\/product\/yoast-seo-wordpress\/ -->\n<title>Nosotros - Universidad Dr. Jos\u00e9 Gregorio Hern\u00e1ndez<\/title>\n<meta name=\"robots\" content=\"index, follow, max-snippet:-1, max-image-preview:large, max-video-preview:-1\" \/>\n<link rel=\"canonical\" href=\"https:\/\/paredstreet.com\/ujgh\/nosotros\/\" \/>\n<meta property=\"og:locale\" content=\"en_US\" \/>\n<meta property=\"og:type\" content=\"article\" \/>\n<meta property=\"og:title\" content=\"Nosotros - Universidad Dr. Jos\u00e9 Gregorio Hern\u00e1ndez\" \/>\n<meta property=\"og:url\" content=\"https:\/\/paredstreet.com\/ujgh\/nosotros\/\" \/>\n<meta property=\"og:site_name\" content=\"Universidad Dr. Jos\u00e9 Gregorio Hern\u00e1ndez\" \/>\n<meta property=\"article:modified_time\" content=\"2023-02-17T13:19:25+00:00\" \/>\n<meta property=\"og:image\" content=\"https:\/\/paredstreet.com\/ujgh\/wp-content\/uploads\/2016\/08\/dummy-1.jpg\" \/>\n\t<meta property=\"og:image:width\" content=\"400\" \/>\n\t<meta property=\"og:image:height\" content=\"260\" \/>\n\t<meta property=\"og:image:type\" content=\"image\/jpeg\" \/>\n<meta name=\"twitter:card\" content=\"summary_large_image\" \/>\n<meta name=\"twitter:label1\" content=\"Est. reading time\" \/>\n\t<meta name=\"twitter:data1\" content=\"1 minute\" \/>\n<script type=\"application\/ld+json\" class=\"yoast-schema-graph\">{\"@context\":\"https:\\\/\\\/schema.org\",\"@graph\":[{\"@type\":\"WebPage\",\"@id\":\"https:\\\/\\\/paredstreet.com\\\/ujgh\\\/nosotros\\\/\",\"url\":\"https:\\\/\\\/paredstreet.com\\\/ujgh\\\/nosotros\\\/\",\"name\":\"Nosotros - Universidad Dr. Jos\u00e9 Gregorio Hern\u00e1ndez\",\"isPartOf\":{\"@id\":\"https:\\\/\\\/paredstreet.com\\\/ujgh\\\/#website\"},\"primaryImageOfPage\":{\"@id\":\"https:\\\/\\\/paredstreet.com\\\/ujgh\\\/nosotros\\\/#primaryimage\"},\"image\":{\"@id\":\"https:\\\/\\\/paredstreet.com\\\/ujgh\\\/nosotros\\\/#primaryimage\"},\"thumbnailUrl\":\"https:\\\/\\\/i0.wp.com\\\/paredstreet.com\\\/ujgh\\\/wp-content\\\/uploads\\\/2016\\\/08\\\/dummy-1.jpg?fit=400%2C260&ssl=1\",\"datePublished\":\"2013-08-11T19:06:15+00:00\",\"dateModified\":\"2023-02-17T13:19:25+00:00\",\"breadcrumb\":{\"@id\":\"https:\\\/\\\/paredstreet.com\\\/ujgh\\\/nosotros\\\/#breadcrumb\"},\"inLanguage\":\"en-US\",\"potentialAction\":[{\"@type\":\"ReadAction\",\"target\":[\"https:\\\/\\\/paredstreet.com\\\/ujgh\\\/nosotros\\\/\"]}]},{\"@type\":\"ImageObject\",\"inLanguage\":\"en-US\",\"@id\":\"https:\\\/\\\/paredstreet.com\\\/ujgh\\\/nosotros\\\/#primaryimage\",\"url\":\"https:\\\/\\\/i0.wp.com\\\/paredstreet.com\\\/ujgh\\\/wp-content\\\/uploads\\\/2016\\\/08\\\/dummy-1.jpg?fit=400%2C260&ssl=1\",\"contentUrl\":\"https:\\\/\\\/i0.wp.com\\\/paredstreet.com\\\/ujgh\\\/wp-content\\\/uploads\\\/2016\\\/08\\\/dummy-1.jpg?fit=400%2C260&ssl=1\",\"width\":400,\"height\":260},{\"@type\":\"BreadcrumbList\",\"@id\":\"https:\\\/\\\/paredstreet.com\\\/ujgh\\\/nosotros\\\/#breadcrumb\",\"itemListElement\":[{\"@type\":\"ListItem\",\"position\":1,\"name\":\"Home\",\"item\":\"https:\\\/\\\/paredstreet.com\\\/ujgh\\\/\"},{\"@type\":\"ListItem\",\"position\":2,\"name\":\"Nosotros\"}]},{\"@type\":\"WebSite\",\"@id\":\"https:\\\/\\\/paredstreet.com\\\/ujgh\\\/#website\",\"url\":\"https:\\\/\\\/paredstreet.com\\\/ujgh\\\/\",\"name\":\"Universidad Dr. Jos\u00e9 Gregorio Hern\u00e1ndez\",\"description\":\"Persigue tu pasi&oacute;n\",\"potentialAction\":[{\"@type\":\"SearchAction\",\"target\":{\"@type\":\"EntryPoint\",\"urlTemplate\":\"https:\\\/\\\/paredstreet.com\\\/ujgh\\\/?s={search_term_string}\"},\"query-input\":{\"@type\":\"PropertyValueSpecification\",\"valueRequired\":true,\"valueName\":\"search_term_string\"}}],\"inLanguage\":\"en-US\"}]}<\/script>\n<!-- \/ Yoast SEO plugin. -->","yoast_head_json":{"title":"Nosotros - Universidad Dr. Jos\u00e9 Gregorio Hern\u00e1ndez","robots":{"index":"index","follow":"follow","max-snippet":"max-snippet:-1","max-image-preview":"max-image-preview:large","max-video-preview":"max-video-preview:-1"},"canonical":"https:\/\/paredstreet.com\/ujgh\/nosotros\/","og_locale":"en_US","og_type":"article","og_title":"Nosotros - Universidad Dr. Jos\u00e9 Gregorio Hern\u00e1ndez","og_url":"https:\/\/paredstreet.com\/ujgh\/nosotros\/","og_site_name":"Universidad Dr. Jos\u00e9 Gregorio Hern\u00e1ndez","article_modified_time":"2023-02-17T13:19:25+00:00","og_image":[{"width":400,"height":260,"url":"https:\/\/paredstreet.com\/ujgh\/wp-content\/uploads\/2016\/08\/dummy-1.jpg","type":"image\/jpeg"}],"twitter_card":"summary_large_image","twitter_misc":{"Est. reading time":"1 minute"},"schema":{"@context":"https:\/\/schema.org","@graph":[{"@type":"WebPage","@id":"https:\/\/paredstreet.com\/ujgh\/nosotros\/","url":"https:\/\/paredstreet.com\/ujgh\/nosotros\/","name":"Nosotros - Universidad Dr. Jos\u00e9 Gregorio Hern\u00e1ndez","isPartOf":{"@id":"https:\/\/paredstreet.com\/ujgh\/#website"},"primaryImageOfPage":{"@id":"https:\/\/paredstreet.com\/ujgh\/nosotros\/#primaryimage"},"image":{"@id":"https:\/\/paredstreet.com\/ujgh\/nosotros\/#primaryimage"},"thumbnailUrl":"https:\/\/i0.wp.com\/paredstreet.com\/ujgh\/wp-content\/uploads\/2016\/08\/dummy-1.jpg?fit=400%2C260&ssl=1","datePublished":"2013-08-11T19:06:15+00:00","dateModified":"2023-02-17T13:19:25+00:00","breadcrumb":{"@id":"https:\/\/paredstreet.com\/ujgh\/nosotros\/#breadcrumb"},"inLanguage":"en-US","potentialAction":[{"@type":"ReadAction","target":["https:\/\/paredstreet.com\/ujgh\/nosotros\/"]}]},{"@type":"ImageObject","inLanguage":"en-US","@id":"https:\/\/paredstreet.com\/ujgh\/nosotros\/#primaryimage","url":"https:\/\/i0.wp.com\/paredstreet.com\/ujgh\/wp-content\/uploads\/2016\/08\/dummy-1.jpg?fit=400%2C260&ssl=1","contentUrl":"https:\/\/i0.wp.com\/paredstreet.com\/ujgh\/wp-content\/uploads\/2016\/08\/dummy-1.jpg?fit=400%2C260&ssl=1","width":400,"height":260},{"@type":"BreadcrumbList","@id":"https:\/\/paredstreet.com\/ujgh\/nosotros\/#breadcrumb","itemListElement":[{"@type":"ListItem","position":1,"name":"Home","item":"https:\/\/paredstreet.com\/ujgh\/"},{"@type":"ListItem","position":2,"name":"Nosotros"}]},{"@type":"WebSite","@id":"https:\/\/paredstreet.com\/ujgh\/#website","url":"https:\/\/paredstreet.com\/ujgh\/","name":"Universidad Dr. Jos\u00e9 Gregorio Hern\u00e1ndez","description":"Persigue tu pasi&oacute;n","potentialAction":[{"@type":"SearchAction","target":{"@type":"EntryPoint","urlTemplate":"https:\/\/paredstreet.com\/ujgh\/?s={search_term_string}"},"query-input":{"@type":"PropertyValueSpecification","valueRequired":true,"valueName":"search_term_string"}}],"inLanguage":"en-US"}]}},"jetpack_sharing_enabled":true,"_links":{"self":[{"href":"https:\/\/paredstreet.com\/ujgh\/wp-json\/wp\/v2\/pages\/91","targetHints":{"allow":["GET"]}}],"collection":[{"href":"https:\/\/paredstreet.com\/ujgh\/wp-json\/wp\/v2\/pages"}],"about":[{"href":"https:\/\/paredstreet.com\/ujgh\/wp-json\/wp\/v2\/types\/page"}],"author":[{"embeddable":true,"href":"https:\/\/paredstreet.com\/ujgh\/wp-json\/wp\/v2\/users\/1"}],"replies":[{"embeddable":true,"href":"https:\/\/paredstreet.com\/ujgh\/wp-json\/wp\/v2\/comments?post=91"}],"version-history":[{"count":5,"href":"https:\/\/paredstreet.com\/ujgh\/wp-json\/wp\/v2\/pages\/91\/revisions"}],"predecessor-version":[{"id":426,"href":"https:\/\/paredstreet.com\/ujgh\/wp-json\/wp\/v2\/pages\/91\/revisions\/426"}],"wp:featuredmedia":[{"embeddable":true,"href":"https:\/\/paredstreet.com\/ujgh\/wp-json\/wp\/v2\/media\/17"}],"wp:attachment":[{"href":"https:\/\/paredstreet.com\/ujgh\/wp-json\/wp\/v2\/media?parent=91"}],"curies":[{"name":"wp","href":"https:\/\/api.w.org\/{rel}","templated":true}]}}